{"id":153,"date":"2024-06-06T14:14:35","date_gmt":"2024-06-06T14:14:35","guid":{"rendered":"https:\/\/segurosconstitucion.com.ec\/petmanente\/?post_type=product&#038;p=153"},"modified":"2024-08-08T15:41:42","modified_gmt":"2024-08-08T15:41:42","slug":"seguridad-petmanente","status":"publish","type":"product","link":"https:\/\/segurosconstitucion.com.ec\/petmanente\/producto\/seguridad-petmanente\/","title":{"rendered":"Seguridad Petmanente"},"content":{"rendered":"<div id=\"titulo-general-formulario\"><strong>ASISTENCIA PETMANENTE<\/strong><\/div>\n<div class=\"contenedor-producto\">\n<div class=\"seccion\">\n<div id=\"seccion-individual-uno\" class=\"seccion-individual\">\n<div id=\"titulo-izquierdo\" class=\"titulos\"><strong>SERVICIO DE ASISTENCIA<\/strong><\/div>\n<div id=\"primera-columna\" class=\"columna\">\n<ul>\n<li>Orientaci\u00f3n m\u00e9dica veterinaria telef\u00f3nica.<\/li>\n<li>Consulta m\u00e9dica veterinaria por emergencia.<\/li>\n<li>Vacunaci\u00f3n en red veterinaria.<\/li>\n<li>Traslado de mascota por accidente o necesidad del afiliado.<\/li>\n<li>Servicio de paseo canino en caso de hospitalizaci\u00f3n o necesidad del afiliado.<\/li>\n<li>Servicio de guarder\u00eda para mascotas en caso de hospitalizaci\u00f3n o necesidad del afiliado.<\/li>\n<li>Asistencia m\u00e9dica veterinaria por ingesti\u00f3n de cuerpos extra\u00f1os<\/li>\n<li>Auxilio por gastos de hospitalizaci\u00f3n de la mascota (carencia 60 d\u00edas).<\/li>\n<\/ul>\n<\/div>\n<\/div>\n<div id=\"seccion-individual-dos\" class=\"seccion-individual\">\n<div class=\"titulos\"><strong>L\u00cdMITE POR EVENTO<\/strong><\/div>\n<div id=\"segunda-columna\" class=\"columna\">\n<ul>\n<li>Sin l\u00edmite.<\/li>\n<li>USD 40.<\/li>\n<li>Sin l\u00edmite.<\/li>\n<li>USD 20.<\/li>\n<li>USD 25.<\/li>\n<li>USD 25.<\/li>\n<li>USD 40.<\/li>\n<li>USD 40.<\/li>\n<\/ul>\n<\/div>\n<\/div>\n<div id=\"seccion-individual-tres\" class=\"seccion-individual\">\n<div id=\"titulo-derecho\" class=\"titulos\"><strong>TOPE ANUAL POR EVENTO<\/strong><\/div>\n<div id=\"tercera-columna\" class=\"columna\">\n<ul>\n<li>Sin l\u00edmite.<\/li>\n<li>3 Eventos.<\/li>\n<li>3 Eventos.<\/li>\n<li>3 Eventos.<\/li>\n<li>3 Eventos.<\/li>\n<li>3 Eventos.<\/li>\n<li>2 Eventos.<\/li>\n<li>2 Eventos.<\/li>\n<\/ul>\n<\/div>\n<\/div>\n<\/div>\n<div class=\"seccion\">\n<div id=\"seccion-individual-uno\" class=\"seccion-individual\">\n<div id=\"titulo-izquierdo\" class=\"titulos\"><strong>SERVICIO EXEQUIAL PETMANENTE<\/strong><\/div>\n<div id=\"primera-columna\" class=\"columna\">\n<ul>\n<li>Servicio de eutanasia por enfermedad o accidente grave.<\/li>\n<li>Servicio de cremaci\u00f3n por enfermedad o accidente.<\/li>\n<li>Referencia y coordinaci\u00f3n con cementerio de mascotas.<\/li>\n<\/ul>\n<\/div>\n<\/div>\n<div id=\"seccion-individual-dos\" class=\"seccion-individual\">\n<div class=\"titulos\"><strong>L\u00cdMITE POR EVENTO<\/strong><\/div>\n<div id=\"segunda-columna\" class=\"columna\">\n<ul>\n<li>USD 100.<\/li>\n<li>USD 100.<\/li>\n<li>Sin l\u00edmite.<\/li>\n<\/ul>\n<\/div>\n<\/div>\n<div id=\"seccion-individual-tres\" class=\"seccion-individual\">\n<div id=\"titulo-derecho\" class=\"titulos\"><strong>TOPE ANUAL POR EVENTO<\/strong><\/div>\n<div id=\"tercera-columna\" class=\"columna\">\n<ul>\n<li>1 Evento.<\/li>\n<li>Sin l\u00edmites.<\/li>\n<li>Sin l\u00edmites.<\/li>\n<\/ul>\n<\/div>\n<\/div>\n<\/div>\n<div class=\"seccion\">\n<div id=\"seccion-individual-uno\" class=\"seccion-individual\">\n<div id=\"titulo-izquierdo\" class=\"titulos\"><strong>BENEFICIOS PETMANENTES<\/strong><\/div>\n<div id=\"primera-columna\" class=\"columna\">\n<ul>\n<li>Ba\u00f1o y peluquer\u00eda canina (carencia 60 d\u00edas).<\/li>\n<li>Pipeta antipulgas.<\/li>\n<li>Referencia y coordinaci\u00f3n con sal\u00f3n de belleza, boutiques y cl\u00ednica veterinaria.<\/li>\n<li>Esterilizaci\u00f3n de la mascota.<\/li>\n<\/ul>\n<\/div>\n<\/div>\n<div id=\"seccion-individual-dos\" class=\"seccion-individual\">\n<div class=\"titulos\"><strong>L\u00cdMITE POR EVENTO<\/strong><\/div>\n<div id=\"segunda-columna\" class=\"columna\">\n<ul>\n<li>USD 20.<\/li>\n<li>USD 20.<\/li>\n<li>Sin l\u00edmite.<\/li>\n<li>USD 20.<\/li>\n<\/ul>\n<\/div>\n<\/div>\n<div id=\"seccion-individual-tres\" class=\"seccion-individual\">\n<div id=\"titulo-derecho\" class=\"titulos\"><strong>TOPE ANUAL POR EVENTO<\/strong><\/div>\n<div id=\"tercera-columna\" class=\"columna\">\n<ul>\n<li>2 Evento.<\/li>\n<li>2 Evento.<\/li>\n<li>Sin l\u00edmite.<\/li>\n<li>1 Evento.<\/li>\n<\/ul>\n<\/div>\n<\/div>\n<\/div>\n<\/div>\n<div class=\"contenedor-producto\">\n<div id=\"seccion-superior\" class=\"seccion\">\n<div id=\"seccion-individual-uno\" class=\"seccion-individual\">\n<div id=\"titulo-izquierdo\" class=\"titulos\"><strong>COBERTURA<\/strong><\/div>\n<div id=\"primera-columna\" class=\"columna\">\n<ul>\n<li>Muerte accidental de la mascota.<\/li>\n<li>Responsabilidad civil para cubrir las lesiones ocasionadas por la mascota a terceras personas.<\/li>\n<li>Gastos m\u00e9dicos por enfermedad de la mascota.<\/li>\n<li>Muerte accidental del due\u00f1o de la mascota para que esta no quede desamparada.<\/li>\n<li>PRIMA TOTAL MENSUAL.<\/li>\n<\/ul>\n<\/div>\n<\/div>\n<div id=\"seccion-individual-dos\" class=\"seccion-individual\">\n<div id=\"columna-cobertura-uno\" class=\"titulos\"><strong>L\u00cdMITE\/REEMBOLSO<\/strong><\/div>\n<div id=\"segunda-columna\" class=\"columna\">\n<ul>\n<li>$500<\/li>\n<li>$500<\/li>\n<li>$300<\/li>\n<li>$1000<\/li>\n<li>$29.99<\/li>\n<\/ul>\n<\/div>\n<\/div>\n<div id=\"seccion-individual-tres\" class=\"seccion-individual\">\n<div id=\"titulo-derecho\" class=\"titulos\"><\/div>\n<div id=\"tercera-columna\" class=\"columna\">\n<ul>\n<li><\/li>\n<li><\/li>\n<li><\/li>\n<li><\/li>\n<li><\/li>\n<\/ul>\n<\/div>\n<\/div>\n<\/div>\n<\/div>\n","protected":false},"excerpt":{"rendered":"<p>ASISTENCIA PETMANENTE SERVICIO DE ASISTENCIA Orientaci\u00f3n m\u00e9dica veterinaria telef\u00f3nica. Consulta m\u00e9dica veterinaria por emergencia. Vacunaci\u00f3n en red veterinaria. Traslado de mascota por accidente o necesidad del afiliado. Servicio de paseo canino en caso de hospitalizaci\u00f3n o necesidad del afiliado. Servicio de guarder\u00eda para mascotas en caso de hospitalizaci\u00f3n o necesidad del afiliado. Asistencia m\u00e9dica veterinaria [&hellip;]<\/p>\n","protected":false},"featured_media":1393,"template":"","meta":[],"product_brand":[],"product_cat":[19],"product_tag":[],"class_list":{"0":"post-153","1":"product","2":"type-product","3":"status-publish","4":"has-post-thumbnail","6":"product_cat-planes","8":"first","9":"instock","10":"taxable","11":"shipping-taxable","12":"purchasable","13":"product-type-simple"},"yoast_head":"<!-- This site is optimized with the Yoast SEO plugin v27.4 - https:\/\/yoast.com\/product\/yoast-seo-wordpress\/ -->\n<title>Seguridad Petmanente - Seguro Petmanente<\/title>\n<meta name=\"robots\" content=\"index, follow, max-snippet:-1, max-image-preview:large, max-video-preview:-1\" \/>\n<link rel=\"canonical\" href=\"https:\/\/segurosconstitucion.com.ec\/petmanente\/producto\/seguridad-petmanente\/\" \/>\n<meta property=\"og:locale\" content=\"es_ES\" \/>\n<meta property=\"og:type\" content=\"article\" \/>\n<meta property=\"og:title\" content=\"Seguridad Petmanente - Seguro Petmanente\" \/>\n<meta property=\"og:description\" content=\"ASISTENCIA PETMANENTE SERVICIO DE ASISTENCIA Orientaci\u00f3n m\u00e9dica veterinaria telef\u00f3nica. Consulta m\u00e9dica veterinaria por emergencia. Vacunaci\u00f3n en red veterinaria. Traslado de mascota por accidente o necesidad del afiliado. Servicio de paseo canino en caso de hospitalizaci\u00f3n o necesidad del afiliado. Servicio de guarder\u00eda para mascotas en caso de hospitalizaci\u00f3n o necesidad del afiliado. Asistencia m\u00e9dica veterinaria [&hellip;]\" \/>\n<meta property=\"og:url\" content=\"https:\/\/segurosconstitucion.com.ec\/petmanente\/producto\/seguridad-petmanente\/\" \/>\n<meta property=\"og:site_name\" content=\"Seguro Petmanente\" \/>\n<meta property=\"article:modified_time\" content=\"2024-08-08T15:41:42+00:00\" \/>\n<meta property=\"og:image\" content=\"https:\/\/segurosconstitucion.com.ec\/petmanente\/wp-content\/uploads\/2024\/06\/gatoGafas.webp\" \/>\n\t<meta property=\"og:image:width\" content=\"265\" \/>\n\t<meta property=\"og:image:height\" content=\"300\" \/>\n\t<meta property=\"og:image:type\" content=\"image\/webp\" \/>\n<meta name=\"twitter:card\" content=\"summary_large_image\" \/>\n<meta name=\"twitter:label1\" content=\"Tiempo de lectura\" \/>\n\t<meta name=\"twitter:data1\" content=\"2 minutos\" \/>\n<script type=\"application\/ld+json\" class=\"yoast-schema-graph\">{\"@context\":\"https:\\\/\\\/schema.org\",\"@graph\":[{\"@type\":\"WebPage\",\"@id\":\"https:\\\/\\\/segurosconstitucion.com.ec\\\/petmanente\\\/producto\\\/seguridad-petmanente\\\/\",\"url\":\"https:\\\/\\\/segurosconstitucion.com.ec\\\/petmanente\\\/producto\\\/seguridad-petmanente\\\/\",\"name\":\"Seguridad Petmanente - Seguro Petmanente\",\"isPartOf\":{\"@id\":\"https:\\\/\\\/segurosconstitucion.com.ec\\\/petmanente\\\/#website\"},\"primaryImageOfPage\":{\"@id\":\"https:\\\/\\\/segurosconstitucion.com.ec\\\/petmanente\\\/producto\\\/seguridad-petmanente\\\/#primaryimage\"},\"image\":{\"@id\":\"https:\\\/\\\/segurosconstitucion.com.ec\\\/petmanente\\\/producto\\\/seguridad-petmanente\\\/#primaryimage\"},\"thumbnailUrl\":\"https:\\\/\\\/segurosconstitucion.com.ec\\\/petmanente\\\/wp-content\\\/uploads\\\/2024\\\/06\\\/gatoGafas.webp\",\"datePublished\":\"2024-06-06T14:14:35+00:00\",\"dateModified\":\"2024-08-08T15:41:42+00:00\",\"breadcrumb\":{\"@id\":\"https:\\\/\\\/segurosconstitucion.com.ec\\\/petmanente\\\/producto\\\/seguridad-petmanente\\\/#breadcrumb\"},\"inLanguage\":\"es\",\"potentialAction\":[{\"@type\":\"ReadAction\",\"target\":[\"https:\\\/\\\/segurosconstitucion.com.ec\\\/petmanente\\\/producto\\\/seguridad-petmanente\\\/\"]}]},{\"@type\":\"ImageObject\",\"inLanguage\":\"es\",\"@id\":\"https:\\\/\\\/segurosconstitucion.com.ec\\\/petmanente\\\/producto\\\/seguridad-petmanente\\\/#primaryimage\",\"url\":\"https:\\\/\\\/segurosconstitucion.com.ec\\\/petmanente\\\/wp-content\\\/uploads\\\/2024\\\/06\\\/gatoGafas.webp\",\"contentUrl\":\"https:\\\/\\\/segurosconstitucion.com.ec\\\/petmanente\\\/wp-content\\\/uploads\\\/2024\\\/06\\\/gatoGafas.webp\",\"width\":265,\"height\":300},{\"@type\":\"BreadcrumbList\",\"@id\":\"https:\\\/\\\/segurosconstitucion.com.ec\\\/petmanente\\\/producto\\\/seguridad-petmanente\\\/#breadcrumb\",\"itemListElement\":[{\"@type\":\"ListItem\",\"position\":1,\"name\":\"Portada\",\"item\":\"https:\\\/\\\/segurosconstitucion.com.ec\\\/petmanente\\\/\"},{\"@type\":\"ListItem\",\"position\":2,\"name\":\"Tienda\",\"item\":\"https:\\\/\\\/segurosconstitucion.com.ec\\\/petmanente\\\/tienda\\\/\"},{\"@type\":\"ListItem\",\"position\":3,\"name\":\"Seguridad Petmanente\"}]},{\"@type\":\"WebSite\",\"@id\":\"https:\\\/\\\/segurosconstitucion.com.ec\\\/petmanente\\\/#website\",\"url\":\"https:\\\/\\\/segurosconstitucion.com.ec\\\/petmanente\\\/\",\"name\":\"Seguro Petmanente\",\"description\":\"\",\"publisher\":{\"@id\":\"https:\\\/\\\/segurosconstitucion.com.ec\\\/petmanente\\\/#organization\"},\"potentialAction\":[{\"@type\":\"SearchAction\",\"target\":{\"@type\":\"EntryPoint\",\"urlTemplate\":\"https:\\\/\\\/segurosconstitucion.com.ec\\\/petmanente\\\/?s={search_term_string}\"},\"query-input\":{\"@type\":\"PropertyValueSpecification\",\"valueRequired\":true,\"valueName\":\"search_term_string\"}}],\"inLanguage\":\"es\"},{\"@type\":\"Organization\",\"@id\":\"https:\\\/\\\/segurosconstitucion.com.ec\\\/petmanente\\\/#organization\",\"name\":\"Seguro Petmanente\",\"url\":\"https:\\\/\\\/segurosconstitucion.com.ec\\\/petmanente\\\/\",\"logo\":{\"@type\":\"ImageObject\",\"inLanguage\":\"es\",\"@id\":\"https:\\\/\\\/segurosconstitucion.com.ec\\\/petmanente\\\/#\\\/schema\\\/logo\\\/image\\\/\",\"url\":\"https:\\\/\\\/segurosconstitucion.com.ec\\\/petmanente\\\/wp-content\\\/uploads\\\/2024\\\/06\\\/logoMorado.webp\",\"contentUrl\":\"https:\\\/\\\/segurosconstitucion.com.ec\\\/petmanente\\\/wp-content\\\/uploads\\\/2024\\\/06\\\/logoMorado.webp\",\"width\":491,\"height\":45,\"caption\":\"Seguro Petmanente\"},\"image\":{\"@id\":\"https:\\\/\\\/segurosconstitucion.com.ec\\\/petmanente\\\/#\\\/schema\\\/logo\\\/image\\\/\"}}]}<\/script>\n<!-- \/ Yoast SEO plugin. -->","yoast_head_json":{"title":"Seguridad Petmanente - Seguro Petmanente","robots":{"index":"index","follow":"follow","max-snippet":"max-snippet:-1","max-image-preview":"max-image-preview:large","max-video-preview":"max-video-preview:-1"},"canonical":"https:\/\/segurosconstitucion.com.ec\/petmanente\/producto\/seguridad-petmanente\/","og_locale":"es_ES","og_type":"article","og_title":"Seguridad Petmanente - Seguro Petmanente","og_description":"ASISTENCIA PETMANENTE SERVICIO DE ASISTENCIA Orientaci\u00f3n m\u00e9dica veterinaria telef\u00f3nica. Consulta m\u00e9dica veterinaria por emergencia. Vacunaci\u00f3n en red veterinaria. Traslado de mascota por accidente o necesidad del afiliado. Servicio de paseo canino en caso de hospitalizaci\u00f3n o necesidad del afiliado. Servicio de guarder\u00eda para mascotas en caso de hospitalizaci\u00f3n o necesidad del afiliado. Asistencia m\u00e9dica veterinaria [&hellip;]","og_url":"https:\/\/segurosconstitucion.com.ec\/petmanente\/producto\/seguridad-petmanente\/","og_site_name":"Seguro Petmanente","article_modified_time":"2024-08-08T15:41:42+00:00","og_image":[{"width":265,"height":300,"url":"https:\/\/segurosconstitucion.com.ec\/petmanente\/wp-content\/uploads\/2024\/06\/gatoGafas.webp","type":"image\/webp"}],"twitter_card":"summary_large_image","twitter_misc":{"Tiempo de lectura":"2 minutos"},"schema":{"@context":"https:\/\/schema.org","@graph":[{"@type":"WebPage","@id":"https:\/\/segurosconstitucion.com.ec\/petmanente\/producto\/seguridad-petmanente\/","url":"https:\/\/segurosconstitucion.com.ec\/petmanente\/producto\/seguridad-petmanente\/","name":"Seguridad Petmanente - Seguro Petmanente","isPartOf":{"@id":"https:\/\/segurosconstitucion.com.ec\/petmanente\/#website"},"primaryImageOfPage":{"@id":"https:\/\/segurosconstitucion.com.ec\/petmanente\/producto\/seguridad-petmanente\/#primaryimage"},"image":{"@id":"https:\/\/segurosconstitucion.com.ec\/petmanente\/producto\/seguridad-petmanente\/#primaryimage"},"thumbnailUrl":"https:\/\/segurosconstitucion.com.ec\/petmanente\/wp-content\/uploads\/2024\/06\/gatoGafas.webp","datePublished":"2024-06-06T14:14:35+00:00","dateModified":"2024-08-08T15:41:42+00:00","breadcrumb":{"@id":"https:\/\/segurosconstitucion.com.ec\/petmanente\/producto\/seguridad-petmanente\/#breadcrumb"},"inLanguage":"es","potentialAction":[{"@type":"ReadAction","target":["https:\/\/segurosconstitucion.com.ec\/petmanente\/producto\/seguridad-petmanente\/"]}]},{"@type":"ImageObject","inLanguage":"es","@id":"https:\/\/segurosconstitucion.com.ec\/petmanente\/producto\/seguridad-petmanente\/#primaryimage","url":"https:\/\/segurosconstitucion.com.ec\/petmanente\/wp-content\/uploads\/2024\/06\/gatoGafas.webp","contentUrl":"https:\/\/segurosconstitucion.com.ec\/petmanente\/wp-content\/uploads\/2024\/06\/gatoGafas.webp","width":265,"height":300},{"@type":"BreadcrumbList","@id":"https:\/\/segurosconstitucion.com.ec\/petmanente\/producto\/seguridad-petmanente\/#breadcrumb","itemListElement":[{"@type":"ListItem","position":1,"name":"Portada","item":"https:\/\/segurosconstitucion.com.ec\/petmanente\/"},{"@type":"ListItem","position":2,"name":"Tienda","item":"https:\/\/segurosconstitucion.com.ec\/petmanente\/tienda\/"},{"@type":"ListItem","position":3,"name":"Seguridad Petmanente"}]},{"@type":"WebSite","@id":"https:\/\/segurosconstitucion.com.ec\/petmanente\/#website","url":"https:\/\/segurosconstitucion.com.ec\/petmanente\/","name":"Seguro Petmanente","description":"","publisher":{"@id":"https:\/\/segurosconstitucion.com.ec\/petmanente\/#organization"},"potentialAction":[{"@type":"SearchAction","target":{"@type":"EntryPoint","urlTemplate":"https:\/\/segurosconstitucion.com.ec\/petmanente\/?s={search_term_string}"},"query-input":{"@type":"PropertyValueSpecification","valueRequired":true,"valueName":"search_term_string"}}],"inLanguage":"es"},{"@type":"Organization","@id":"https:\/\/segurosconstitucion.com.ec\/petmanente\/#organization","name":"Seguro Petmanente","url":"https:\/\/segurosconstitucion.com.ec\/petmanente\/","logo":{"@type":"ImageObject","inLanguage":"es","@id":"https:\/\/segurosconstitucion.com.ec\/petmanente\/#\/schema\/logo\/image\/","url":"https:\/\/segurosconstitucion.com.ec\/petmanente\/wp-content\/uploads\/2024\/06\/logoMorado.webp","contentUrl":"https:\/\/segurosconstitucion.com.ec\/petmanente\/wp-content\/uploads\/2024\/06\/logoMorado.webp","width":491,"height":45,"caption":"Seguro Petmanente"},"image":{"@id":"https:\/\/segurosconstitucion.com.ec\/petmanente\/#\/schema\/logo\/image\/"}}]}},"_links":{"self":[{"href":"https:\/\/segurosconstitucion.com.ec\/petmanente\/wp-json\/wp\/v2\/product\/153","targetHints":{"allow":["GET"]}}],"collection":[{"href":"https:\/\/segurosconstitucion.com.ec\/petmanente\/wp-json\/wp\/v2\/product"}],"about":[{"href":"https:\/\/segurosconstitucion.com.ec\/petmanente\/wp-json\/wp\/v2\/types\/product"}],"wp:featuredmedia":[{"embeddable":true,"href":"https:\/\/segurosconstitucion.com.ec\/petmanente\/wp-json\/wp\/v2\/media\/1393"}],"wp:attachment":[{"href":"https:\/\/segurosconstitucion.com.ec\/petmanente\/wp-json\/wp\/v2\/media?parent=153"}],"wp:term":[{"taxonomy":"product_brand","embeddable":true,"href":"https:\/\/segurosconstitucion.com.ec\/petmanente\/wp-json\/wp\/v2\/product_brand?post=153"},{"taxonomy":"product_cat","embeddable":true,"href":"https:\/\/segurosconstitucion.com.ec\/petmanente\/wp-json\/wp\/v2\/product_cat?post=153"},{"taxonomy":"product_tag","embeddable":true,"href":"https:\/\/segurosconstitucion.com.ec\/petmanente\/wp-json\/wp\/v2\/product_tag?post=153"}],"curies":[{"name":"wp","href":"https:\/\/api.w.org\/{rel}","templated":true}]}}